{"id":75,"date":"2026-04-08T05:31:59","date_gmt":"2026-04-08T03:31:59","guid":{"rendered":"https:\/\/ajax-dessin.fr\/?page_id=75"},"modified":"2026-04-08T06:19:44","modified_gmt":"2026-04-08T04:19:44","slug":"creation","status":"publish","type":"page","link":"https:\/\/ajax-dessin.fr\/index.php\/creation\/","title":{"rendered":"Une commande, pas \u00e0 pas"},"content":{"rendered":"\n<h2 class=\"wp-block-heading\">\u00c9tape 1<\/h2>\n\n\n\n<p>Apr\u00e8s avoir pris contact dans la rubrique &#8220;Contact&#8221; ci-dessus, nous \u00e9changerons sur vos attentes afin de d\u00e9finir le type de formule qui vous convient le mieux. Nombre de dessins, types de supports souhait\u00e9s, style, couleur ou noir &amp; blanc, budget envisag\u00e9, \u00e9v\u00e9nement \u00e0 venir ou bien commande sp\u00e9ciale.<\/p>\n\n\n\n<p>Principalement, je travaille d&#8217;apr\u00e8s description (cr\u00e9ation de fiction) ou photo (mod\u00e8le), en r\u00e9gion Hauts-de-France et \u00cele-de-France. Il est toutefois envisageable de r\u00e9aliser dessins et croquis sur le vif lors d&#8217;un \u00e9v\u00e9nement, ou portrait d&#8217;apr\u00e8s r\u00e9el.<\/p>\n\n\n\n<figure class=\"wp-block-image size-large is-resized\"><img loading=\"lazy\" decoding=\"async\" width=\"2480\" height=\"1395\" src=\"https:\/\/ajax-dessin.fr\/wp-content\/uploads\/2026\/04\/IMG_3179-edited.jpg\" alt=\"\" class=\"wp-image-77\" style=\"width:741px;height:auto\" srcset=\"https:\/\/ajax-dessin.fr\/wp-content\/uploads\/2026\/04\/IMG_3179-edited.jpg 2480w, https:\/\/ajax-dessin.fr\/wp-content\/uploads\/2026\/04\/IMG_3179-edited-300x169.jpg 300w, https:\/\/ajax-dessin.fr\/wp-content\/uploads\/2026\/04\/IMG_3179-edited-1024x576.jpg 1024w, https:\/\/ajax-dessin.fr\/wp-content\/uploads\/2026\/04\/IMG_3179-edited-768x432.jpg 768w, https:\/\/ajax-dessin.fr\/wp-content\/uploads\/2026\/04\/IMG_3179-edited-1536x864.jpg 1536w, https:\/\/ajax-dessin.fr\/wp-content\/uploads\/2026\/04\/IMG_3179-edited-2048x1152.jpg 2048w\" sizes=\"(max-width: 2480px) 100vw, 2480px\" \/><\/figure>\n\n\n\n<h2 class=\"wp-block-heading\">\u00c9tape 2<\/h2>\n\n\n\n<p>Vous recevrez ensuite le devis dans les meilleurs d\u00e9lais. Si vous l&#8217;acceptez, vous recevrez avec la facture d&#8217;acompte un petit questionnaire pour affiner votre commande. Pour chaque dessin, nous pourrons ainsi d\u00e9finir ensemble l&#8217;atmosph\u00e8re et les d\u00e9tails souhait\u00e9s avec plus de pr\u00e9cision.<\/p>\n\n\n\n<figure class=\"wp-block-image size-large\"><img loading=\"lazy\" decoding=\"async\" width=\"3508\" height=\"1973\" src=\"https:\/\/ajax-dessin.fr\/wp-content\/uploads\/2026\/04\/IMG_0078-edited.png\" alt=\"\" class=\"wp-image-79\" srcset=\"https:\/\/ajax-dessin.fr\/wp-content\/uploads\/2026\/04\/IMG_0078-edited.png 3508w, https:\/\/ajax-dessin.fr\/wp-content\/uploads\/2026\/04\/IMG_0078-edited-300x169.png 300w, https:\/\/ajax-dessin.fr\/wp-content\/uploads\/2026\/04\/IMG_0078-edited-1024x576.png 1024w, https:\/\/ajax-dessin.fr\/wp-content\/uploads\/2026\/04\/IMG_0078-edited-768x432.png 768w, https:\/\/ajax-dessin.fr\/wp-content\/uploads\/2026\/04\/IMG_0078-edited-1536x864.png 1536w, https:\/\/ajax-dessin.fr\/wp-content\/uploads\/2026\/04\/IMG_0078-edited-2048x1152.png 2048w\" sizes=\"(max-width: 3508px) 100vw, 3508px\" \/><\/figure>\n\n\n\n<h2 class=\"wp-block-heading\">\u00c9tape 3<\/h2>\n\n\n\n<p>Je commence les premi\u00e8res esquisses \u00e0 partir de la r\u00e9ception de l&#8217;acompte (soient 50%). Vous recevrez ainsi une maquette avec une ou deux propositions sous forme d&#8217;esquisse.<\/p>\n\n\n\n<p>Selon l&#8217;ampleur de la commande, pr\u00e9voyez deux semaines \u00e0 deux mois de r\u00e9alisation pour un dessin num\u00e9rique, ou traditionnel num\u00e9ris\u00e9.<\/p>\n\n\n\n<p>De plus, si vous optez pour l&#8217;option papeterie imprim\u00e9e, il faudra parfois rajouter quinze jours pour la livraison physique.<\/p>\n\n\n\n<div class=\"wp-block-buttons is-content-justification-center is-layout-flex wp-container-core-buttons-layout-1 wp-block-buttons-is-layout-flex\">\n<div class=\"wp-block-button\"><a class=\"wp-block-button__link wp-element-button\" href=\"https:\/\/ajax-dessin.fr\/index.php\/contact\/\">En route !<\/a><\/div>\n<\/div>\n\n\n\n<p class=\"has-text-align-center\"><\/p>\n\n\n\n<figure class=\"wp-block-image aligncenter size-large is-resized\"><img loading=\"lazy\" decoding=\"async\" width=\"1707\" height=\"2560\" src=\"https:\/\/ajax-dessin.fr\/wp-content\/uploads\/2026\/04\/IMG_3661-1-1-edited-scaled.jpg\" alt=\"\" class=\"wp-image-82\" style=\"width:439px;height:auto\" srcset=\"https:\/\/ajax-dessin.fr\/wp-content\/uploads\/2026\/04\/IMG_3661-1-1-edited-scaled.jpg 1707w, https:\/\/ajax-dessin.fr\/wp-content\/uploads\/2026\/04\/IMG_3661-1-1-edited-200x300.jpg 200w, https:\/\/ajax-dessin.fr\/wp-content\/uploads\/2026\/04\/IMG_3661-1-1-edited-683x1024.jpg 683w, https:\/\/ajax-dessin.fr\/wp-content\/uploads\/2026\/04\/IMG_3661-1-1-edited-768x1152.jpg 768w, https:\/\/ajax-dessin.fr\/wp-content\/uploads\/2026\/04\/IMG_3661-1-1-edited-1024x1536.jpg 1024w, https:\/\/ajax-dessin.fr\/wp-content\/uploads\/2026\/04\/IMG_3661-1-1-edited-1365x2048.jpg 1365w\" sizes=\"(max-width: 1707px) 100vw, 1707px\" \/><figcaption class=\"wp-element-caption\">Illustration sans titre<\/figcaption><\/figure>\n","protected":false},"excerpt":{"rendered":"<p>\u00c9tape 1 Apr\u00e8s avoir pris contact dans la rubrique &#8220;Contact&#8221; ci-dessus, nous \u00e9changerons sur vos attentes afin de d\u00e9finir le type de formule qui vous convient le mieux. Nombre de dessins, types de supports souhait\u00e9s, style, couleur ou noir &amp; blanc, budget envisag\u00e9, \u00e9v\u00e9nement \u00e0 venir ou bien commande sp\u00e9ciale. Principalement, je travaille d&#8217;apr\u00e8s description [&hellip;]<\/p>\n","protected":false},"author":1,"featured_media":0,"parent":0,"menu_order":0,"comment_status":"closed","ping_status":"closed","template":"","meta":{"om_disable_all_campaigns":false,"_monsterinsights_skip_tracking":false,"_monsterinsights_sitenote_active":false,"_monsterinsights_sitenote_note":"","_monsterinsights_sitenote_category":0,"footnotes":""},"aioseo_notices":[],"_links":{"self":[{"href":"https:\/\/ajax-dessin.fr\/index.php\/wp-json\/wp\/v2\/pages\/75"}],"collection":[{"href":"https:\/\/ajax-dessin.fr\/index.php\/wp-json\/wp\/v2\/pages"}],"about":[{"href":"https:\/\/ajax-dessin.fr\/index.php\/wp-json\/wp\/v2\/types\/page"}],"author":[{"embeddable":true,"href":"https:\/\/ajax-dessin.fr\/index.php\/wp-json\/wp\/v2\/users\/1"}],"replies":[{"embeddable":true,"href":"https:\/\/ajax-dessin.fr\/index.php\/wp-json\/wp\/v2\/comments?post=75"}],"version-history":[{"count":4,"href":"https:\/\/ajax-dessin.fr\/index.php\/wp-json\/wp\/v2\/pages\/75\/revisions"}],"predecessor-version":[{"id":109,"href":"https:\/\/ajax-dessin.fr\/index.php\/wp-json\/wp\/v2\/pages\/75\/revisions\/109"}],"wp:attachment":[{"href":"https:\/\/ajax-dessin.fr\/index.php\/wp-json\/wp\/v2\/media?parent=75"}],"curies":[{"name":"wp","href":"https:\/\/api.w.org\/{rel}","templated":true}]}}