{"id":111,"date":"2026-04-08T06:37:34","date_gmt":"2026-04-08T04:37:34","guid":{"rendered":"https:\/\/ajax-dessin.fr\/?page_id=111"},"modified":"2026-04-08T06:37:34","modified_gmt":"2026-04-08T04:37:34","slug":"a-propos","status":"publish","type":"page","link":"https:\/\/ajax-dessin.fr\/index.php\/a-propos\/","title":{"rendered":"\u00c0 propos"},"content":{"rendered":"\n<p>Professeur particulier de dessin et illustrateur dipl\u00f4m\u00e9 en Ma\u00eetrise d&#8217;Arts plastiques et en Licence de Cr\u00e9ation de Bandes-dessin\u00e9es, j&#8217;exerce depuis 2024 apr\u00e8s avoir accompagn\u00e9 des \u00e9tudiants \u00e0 l&#8217;Universit\u00e9 de Picardie.<\/p>\n\n\n\n<p>Je suis \u00e9galement dessinateur illustrateur pour les particuliers et les professionnels. On fait appel \u00e0 moi pour r\u00e9aliser des portraits d&#8217;apr\u00e8s photo ou d&#8217;apr\u00e8s r\u00e9el, mais aussi des cr\u00e9ations graphiques \u00e9v\u00e9nementielles et des illustrations de personnages de fiction &#8211; issus de l&#8217;imagination de la personne cliente, ou plus simplement de son univers litt\u00e9raire, cin\u00e9matographique ou vid\u00e9oludique de pr\u00e9dilection. <\/p>\n\n\n\n<figure class=\"wp-block-image size-large\"><img loading=\"lazy\" decoding=\"async\" width=\"2560\" height=\"1920\" src=\"https:\/\/ajax-dessin.fr\/wp-content\/uploads\/2026\/04\/Alexandre-3-edited-scaled.jpg\" alt=\"\" class=\"wp-image-113\" srcset=\"https:\/\/ajax-dessin.fr\/wp-content\/uploads\/2026\/04\/Alexandre-3-edited-scaled.jpg 2560w, https:\/\/ajax-dessin.fr\/wp-content\/uploads\/2026\/04\/Alexandre-3-edited-300x225.jpg 300w, https:\/\/ajax-dessin.fr\/wp-content\/uploads\/2026\/04\/Alexandre-3-edited-1024x768.jpg 1024w, https:\/\/ajax-dessin.fr\/wp-content\/uploads\/2026\/04\/Alexandre-3-edited-768x576.jpg 768w, https:\/\/ajax-dessin.fr\/wp-content\/uploads\/2026\/04\/Alexandre-3-edited-1536x1152.jpg 1536w, https:\/\/ajax-dessin.fr\/wp-content\/uploads\/2026\/04\/Alexandre-3-edited-2048x1536.jpg 2048w\" sizes=\"(max-width: 2560px) 100vw, 2560px\" \/><\/figure>\n","protected":false},"excerpt":{"rendered":"<p>Professeur particulier de dessin et illustrateur dipl\u00f4m\u00e9 en Ma\u00eetrise d&#8217;Arts plastiques et en Licence de Cr\u00e9ation de Bandes-dessin\u00e9es, j&#8217;exerce depuis 2024 apr\u00e8s avoir accompagn\u00e9 des \u00e9tudiants \u00e0 l&#8217;Universit\u00e9 de Picardie. Je suis \u00e9galement dessinateur illustrateur pour les particuliers et les professionnels. On fait appel \u00e0 moi pour r\u00e9aliser des portraits d&#8217;apr\u00e8s photo ou d&#8217;apr\u00e8s r\u00e9el, [&hellip;]<\/p>\n","protected":false},"author":1,"featured_media":0,"parent":0,"menu_order":0,"comment_status":"closed","ping_status":"closed","template":"","meta":{"om_disable_all_campaigns":false,"_monsterinsights_skip_tracking":false,"_monsterinsights_sitenote_active":false,"_monsterinsights_sitenote_note":"","_monsterinsights_sitenote_category":0,"footnotes":""},"aioseo_notices":[],"_links":{"self":[{"href":"https:\/\/ajax-dessin.fr\/index.php\/wp-json\/wp\/v2\/pages\/111"}],"collection":[{"href":"https:\/\/ajax-dessin.fr\/index.php\/wp-json\/wp\/v2\/pages"}],"about":[{"href":"https:\/\/ajax-dessin.fr\/index.php\/wp-json\/wp\/v2\/types\/page"}],"author":[{"embeddable":true,"href":"https:\/\/ajax-dessin.fr\/index.php\/wp-json\/wp\/v2\/users\/1"}],"replies":[{"embeddable":true,"href":"https:\/\/ajax-dessin.fr\/index.php\/wp-json\/wp\/v2\/comments?post=111"}],"version-history":[{"count":1,"href":"https:\/\/ajax-dessin.fr\/index.php\/wp-json\/wp\/v2\/pages\/111\/revisions"}],"predecessor-version":[{"id":114,"href":"https:\/\/ajax-dessin.fr\/index.php\/wp-json\/wp\/v2\/pages\/111\/revisions\/114"}],"wp:attachment":[{"href":"https:\/\/ajax-dessin.fr\/index.php\/wp-json\/wp\/v2\/media?parent=111"}],"curies":[{"name":"wp","href":"https:\/\/api.w.org\/{rel}","templated":true}]}}